{"id":713,"date":"2023-07-11T21:35:25","date_gmt":"2023-07-11T21:35:25","guid":{"rendered":"https:\/\/vixcomercioexterior.com.ar\/?page_id=713"},"modified":"2024-01-17T20:37:42","modified_gmt":"2024-01-17T20:37:42","slug":"mix-frutos-secos","status":"publish","type":"page","link":"https:\/\/vixcomercioexterior.com.ar\/en\/mix-frutos-secos\/","title":{"rendered":"Dried Mix Fruits"},"content":{"rendered":"<div data-elementor-type=\"wp-page\" data-elementor-id=\"713\" class=\"elementor elementor-713\">\n\t\t\t\t<div class=\"elementor-element elementor-element-ad5a289 e-flex e-con-boxed e-con e-parent\" data-id=\"ad5a289\" data-element_type=\"container\" data-e-type=\"container\" data-settings=\"{&quot;background_background&quot;:&quot;classic&quot;}\">\n\t\t\t\t\t<div class=\"e-con-inner\">\n\t\t\t\t\t<\/div>\n\t\t\t\t<\/div>\n\t\t<div class=\"elementor-element elementor-element-f5e2f94 e-flex e-con-boxed e-con e-parent\" data-id=\"f5e2f94\" data-element_type=\"container\" data-e-type=\"container\">\n\t\t\t\t\t<div class=\"e-con-inner\">\n\t\t<div class=\"elementor-element elementor-element-e1c323d e-con-full e-flex e-con e-child\" data-id=\"e1c323d\" data-element_type=\"container\" data-e-type=\"container\">\n\t\t\t\t<div class=\"elementor-element elementor-element-caccffb elementor-widget elementor-widget-heading\" data-id=\"caccffb\" data-element_type=\"widget\" data-e-type=\"widget\" data-widget_type=\"heading.default\">\n\t\t\t\t<div class=\"elementor-widget-container\">\n\t\t\t\t\t<h2 class=\"elementor-heading-title elementor-size-default\">Nuts and Dried Fruit Mix<\/h2>\t\t\t\t<\/div>\n\t\t\t\t<\/div>\n\t\t\t\t<div class=\"elementor-element elementor-element-d5115ff elementor-widget elementor-widget-heading\" data-id=\"d5115ff\" data-element_type=\"widget\" data-e-type=\"widget\" data-widget_type=\"heading.default\">\n\t\t\t\t<div class=\"elementor-widget-container\">\n\t\t\t\t\t<h3 class=\"elementor-heading-title elementor-size-default\">Characteristics<\/h3>\t\t\t\t<\/div>\n\t\t\t\t<\/div>\n\t\t\t\t<div class=\"elementor-element elementor-element-f3849bd elementor-widget elementor-widget-text-editor\" data-id=\"f3849bd\" data-element_type=\"widget\" data-e-type=\"widget\" data-widget_type=\"text-editor.default\">\n\t\t\t\t<div class=\"elementor-widget-container\">\n\t\t\t\t\t\t\t\t\t<p>The mix of nuts and dried fruits contain a high level of protein, unsaturated fats (necessary for the body), zinc, folic acid, fiber that helps intestinal transit, a large amount of sugars, carbohydrates, vitamins and minerals necessary for good health. functioning of the body. Nuts are very helpful to people who are in anaerobic activities as they offer a continuous amount of protein and carbohydrates and are ideal for high performance athletes due to their rich calorie content.<\/p>\t\t\t\t\t\t\t\t<\/div>\n\t\t\t\t<\/div>\n\t\t\t\t<\/div>\n\t\t<div class=\"elementor-element elementor-element-6b1adf9 e-con-full e-flex e-con e-child\" data-id=\"6b1adf9\" data-element_type=\"container\" data-e-type=\"container\">\n\t\t\t\t<div class=\"elementor-element elementor-element-9862234 elementor-widget__width-initial elementor-widget-tablet__width-inherit elementor-position-top elementor-widget elementor-widget-image-box\" data-id=\"9862234\" data-element_type=\"widget\" data-e-type=\"widget\" data-widget_type=\"image-box.default\">\n\t\t\t\t<div class=\"elementor-widget-container\">\n\t\t\t\t\t<div class=\"elementor-image-box-wrapper\"><figure class=\"elementor-image-box-img\"><img fetchpriority=\"high\" decoding=\"async\" width=\"800\" height=\"600\" src=\"https:\/\/vixcomercioexterior.com.ar\/wp-content\/uploads\/2023\/07\/M-mix-de-frutos-secos.jpg\" class=\"attachment-full size-full wp-image-732\" alt=\"\" srcset=\"https:\/\/vixcomercioexterior.com.ar\/wp-content\/uploads\/2023\/07\/M-mix-de-frutos-secos.jpg 800w, https:\/\/vixcomercioexterior.com.ar\/wp-content\/uploads\/2023\/07\/M-mix-de-frutos-secos-300x225.jpg 300w, https:\/\/vixcomercioexterior.com.ar\/wp-content\/uploads\/2023\/07\/M-mix-de-frutos-secos-768x576.jpg 768w\" sizes=\"(max-width: 800px) 100vw, 800px\" \/><\/figure><div class=\"elementor-image-box-content\"><h3 class=\"elementor-image-box-title\">Dried fruit and nuts  mix<\/h3><p class=\"elementor-image-box-description\"><b>Presentation<\/b><br>Peeled cashews, peeled walnuts, seedless brown\/blonde raisins, peeled almonds.<br>5 kg box<\/p><\/div><\/div>\t\t\t\t<\/div>\n\t\t\t\t<\/div>\n\t\t\t\t<div class=\"elementor-element elementor-element-b967e69 elementor-widget__width-initial elementor-widget-tablet__width-inherit elementor-position-top elementor-widget elementor-widget-image-box\" data-id=\"b967e69\" data-element_type=\"widget\" data-e-type=\"widget\" data-widget_type=\"image-box.default\">\n\t\t\t\t<div class=\"elementor-widget-container\">\n\t\t\t\t\t<div class=\"elementor-image-box-wrapper\"><figure class=\"elementor-image-box-img\"><img decoding=\"async\" width=\"800\" height=\"600\" src=\"https:\/\/vixcomercioexterior.com.ar\/wp-content\/uploads\/2023\/07\/M-mix-regional-en-cubos.jpg\" class=\"attachment-full size-full wp-image-733\" alt=\"\" srcset=\"https:\/\/vixcomercioexterior.com.ar\/wp-content\/uploads\/2023\/07\/M-mix-regional-en-cubos.jpg 800w, https:\/\/vixcomercioexterior.com.ar\/wp-content\/uploads\/2023\/07\/M-mix-regional-en-cubos-300x225.jpg 300w, https:\/\/vixcomercioexterior.com.ar\/wp-content\/uploads\/2023\/07\/M-mix-regional-en-cubos-768x576.jpg 768w\" sizes=\"(max-width: 800px) 100vw, 800px\" \/><\/figure><div class=\"elementor-image-box-content\"><h3 class=\"elementor-image-box-title\">Regional cubed mix<\/h3><p class=\"elementor-image-box-description\"><strong>Presentation<\/strong><br>Peaches, pears, prunes, raisins, apple.<br>4 kg box<\/p><\/div><\/div>\t\t\t\t<\/div>\n\t\t\t\t<\/div>\n\t\t\t\t<div class=\"elementor-element elementor-element-0284864 elementor-widget__width-initial elementor-widget-tablet__width-inherit elementor-position-top elementor-widget elementor-widget-image-box\" data-id=\"0284864\" data-element_type=\"widget\" data-e-type=\"widget\" data-widget_type=\"image-box.default\">\n\t\t\t\t<div class=\"elementor-widget-container\">\n\t\t\t\t\t<div class=\"elementor-image-box-wrapper\"><figure class=\"elementor-image-box-img\"><img decoding=\"async\" width=\"800\" height=\"600\" src=\"https:\/\/vixcomercioexterior.com.ar\/wp-content\/uploads\/2023\/07\/M-mix-tropical-en-trozos.jpg\" class=\"attachment-full size-full wp-image-736\" alt=\"\" srcset=\"https:\/\/vixcomercioexterior.com.ar\/wp-content\/uploads\/2023\/07\/M-mix-tropical-en-trozos.jpg 800w, https:\/\/vixcomercioexterior.com.ar\/wp-content\/uploads\/2023\/07\/M-mix-tropical-en-trozos-300x225.jpg 300w, https:\/\/vixcomercioexterior.com.ar\/wp-content\/uploads\/2023\/07\/M-mix-tropical-en-trozos-768x576.jpg 768w\" sizes=\"(max-width: 800px) 100vw, 800px\" \/><\/figure><div class=\"elementor-image-box-content\"><h3 class=\"elementor-image-box-title\">Tropical mix pieces<\/h3><p class=\"elementor-image-box-description\"><b>Presentation<\/b><br>Almonds, chestnuts, banana, brown raisins, blonde raisins, papaya, grapefruit, pineapple.<br>4 kg box<\/p><\/div><\/div>\t\t\t\t<\/div>\n\t\t\t\t<\/div>\n\t\t\t\t<div class=\"elementor-element elementor-element-7b00d58 elementor-widget__width-initial elementor-widget-tablet__width-inherit elementor-position-top elementor-widget elementor-widget-image-box\" data-id=\"7b00d58\" data-element_type=\"widget\" data-e-type=\"widget\" data-widget_type=\"image-box.default\">\n\t\t\t\t<div class=\"elementor-widget-container\">\n\t\t\t\t\t<div class=\"elementor-image-box-wrapper\"><figure class=\"elementor-image-box-img\"><img loading=\"lazy\" decoding=\"async\" width=\"800\" height=\"600\" src=\"https:\/\/vixcomercioexterior.com.ar\/wp-content\/uploads\/2023\/07\/M-mix-tropical-en-cubos.jpg\" class=\"attachment-full size-full wp-image-735\" alt=\"\" srcset=\"https:\/\/vixcomercioexterior.com.ar\/wp-content\/uploads\/2023\/07\/M-mix-tropical-en-cubos.jpg 800w, https:\/\/vixcomercioexterior.com.ar\/wp-content\/uploads\/2023\/07\/M-mix-tropical-en-cubos-300x225.jpg 300w, https:\/\/vixcomercioexterior.com.ar\/wp-content\/uploads\/2023\/07\/M-mix-tropical-en-cubos-768x576.jpg 768w\" sizes=\"(max-width: 800px) 100vw, 800px\" \/><\/figure><div class=\"elementor-image-box-content\"><h3 class=\"elementor-image-box-title\">Tropical cubed mix<\/h3><p class=\"elementor-image-box-description\"><b>Presentation<\/b><br>Walnuts, almonds, roasted peanuts, banana, brown raisins, blonde raisins, papaya, grapefruit, pineapple.<br>4 kg box<\/p><\/div><\/div>\t\t\t\t<\/div>\n\t\t\t\t<\/div>\n\t\t\t\t<div class=\"elementor-element elementor-element-220608b elementor-widget__width-initial elementor-widget-tablet__width-inherit elementor-position-top elementor-widget elementor-widget-image-box\" data-id=\"220608b\" data-element_type=\"widget\" data-e-type=\"widget\" data-widget_type=\"image-box.default\">\n\t\t\t\t<div class=\"elementor-widget-container\">\n\t\t\t\t\t<div class=\"elementor-image-box-wrapper\"><figure class=\"elementor-image-box-img\"><img loading=\"lazy\" decoding=\"async\" width=\"1600\" height=\"727\" src=\"https:\/\/vixcomercioexterior.com.ar\/wp-content\/uploads\/2023\/07\/M-mixto-de-frutas-desecadas.jpg\" class=\"attachment-full size-full wp-image-734\" alt=\"\" srcset=\"https:\/\/vixcomercioexterior.com.ar\/wp-content\/uploads\/2023\/07\/M-mixto-de-frutas-desecadas.jpg 1600w, https:\/\/vixcomercioexterior.com.ar\/wp-content\/uploads\/2023\/07\/M-mixto-de-frutas-desecadas-300x136.jpg 300w, https:\/\/vixcomercioexterior.com.ar\/wp-content\/uploads\/2023\/07\/M-mixto-de-frutas-desecadas-1024x465.jpg 1024w, https:\/\/vixcomercioexterior.com.ar\/wp-content\/uploads\/2023\/07\/M-mixto-de-frutas-desecadas-768x349.jpg 768w, https:\/\/vixcomercioexterior.com.ar\/wp-content\/uploads\/2023\/07\/M-mixto-de-frutas-desecadas-1536x698.jpg 1536w\" sizes=\"(max-width: 1600px) 100vw, 1600px\" \/><\/figure><div class=\"elementor-image-box-content\"><h3 class=\"elementor-image-box-title\">Dried fruit mix<\/h3><p class=\"elementor-image-box-description\"><b>Presentation<\/b><br>Peach (medallion, nectarine and prisco) pear, prune, apricot and apple.<br>5 kg bag<\/p><\/div><\/div>\t\t\t\t<\/div>\n\t\t\t\t<\/div>\n\t\t\t\t<\/div>\n\t\t\t\t\t<\/div>\n\t\t\t\t<\/div>\n\t\t\t\t<\/div>","protected":false},"excerpt":{"rendered":"<p>Mix Frutos secos Caracter\u00edsticas Los mix de frutos secos y desecados contienen un alto nivel de prote\u00edna, grasas insaturadas (necesarias para el cuerpo), zinc, \u00e1cido f\u00f3lico, fibra que ayuda al tr\u00e1nsito intestinal, una gran cantidad de azucares, carbohidratos, vitaminas y minerales necesarios para el buen funcionamiento del cuerpo. Los frutos secos ayudan mucho a las [&hellip;]<\/p>\n","protected":false},"author":1,"featured_media":0,"parent":0,"menu_order":0,"comment_status":"closed","ping_status":"closed","template":"","meta":{"site-sidebar-layout":"no-sidebar","site-content-layout":"page-builder","ast-site-content-layout":"default","site-content-style":"default","site-sidebar-style":"default","ast-global-header-display":"","ast-banner-title-visibility":"","ast-main-header-display":"","ast-hfb-above-header-display":"","ast-hfb-below-header-display":"","ast-hfb-mobile-header-display":"","site-post-title":"disabled","ast-breadcrumbs-content":"","ast-featured-img":"disabled","footer-sml-layout":"","ast-disable-related-posts":"","theme-transparent-header-meta":"","adv-header-id-meta":"","stick-header-meta":"","header-above-stick-meta":"","header-main-stick-meta":"","header-below-stick-meta":"","astra-migrate-meta-layouts":"default","ast-page-background-enabled":"default","ast-page-background-meta":{"desktop":{"background-color":"var(--ast-global-color-4)","background-image":"","background-repeat":"repeat","background-position":"center center","background-size":"auto","background-attachment":"scroll","background-type":"","background-media":"","overlay-type":"","overlay-color":"","overlay-opacity":"","overlay-gradient":""},"tablet":{"background-color":"","background-image":"","background-repeat":"repeat","background-position":"center center","background-size":"auto","background-attachment":"scroll","background-type":"","background-media":"","overlay-type":"","overlay-color":"","overlay-opacity":"","overlay-gradient":""},"mobile":{"background-color":"","background-image":"","background-repeat":"repeat","background-position":"center center","background-size":"auto","background-attachment":"scroll","background-type":"","background-media":"","overlay-type":"","overlay-color":"","overlay-opacity":"","overlay-gradient":""}},"ast-content-background-meta":{"desktop":{"background-color":"var(--ast-global-color-5)","background-image":"","background-repeat":"repeat","background-position":"center center","background-size":"auto","background-attachment":"scroll","background-type":"","background-media":"","overlay-type":"","overlay-color":"","overlay-opacity":"","overlay-gradient":""},"tablet":{"background-color":"var(--ast-global-color-5)","background-image":"","background-repeat":"repeat","background-position":"center center","background-size":"auto","background-attachment":"scroll","background-type":"","background-media":"","overlay-type":"","overlay-color":"","overlay-opacity":"","overlay-gradient":""},"mobile":{"background-color":"var(--ast-global-color-5)","background-image":"","background-repeat":"repeat","background-position":"center center","background-size":"auto","background-attachment":"scroll","background-type":"","background-media":"","overlay-type":"","overlay-color":"","overlay-opacity":"","overlay-gradient":""}},"footnotes":""},"class_list":["post-713","page","type-page","status-publish","hentry"],"_links":{"self":[{"href":"https:\/\/vixcomercioexterior.com.ar\/en\/wp-json\/wp\/v2\/pages\/713","targetHints":{"allow":["GET"]}}],"collection":[{"href":"https:\/\/vixcomercioexterior.com.ar\/en\/wp-json\/wp\/v2\/pages"}],"about":[{"href":"https:\/\/vixcomercioexterior.com.ar\/en\/wp-json\/wp\/v2\/types\/page"}],"author":[{"embeddable":true,"href":"https:\/\/vixcomercioexterior.com.ar\/en\/wp-json\/wp\/v2\/users\/1"}],"replies":[{"embeddable":true,"href":"https:\/\/vixcomercioexterior.com.ar\/en\/wp-json\/wp\/v2\/comments?post=713"}],"version-history":[{"count":76,"href":"https:\/\/vixcomercioexterior.com.ar\/en\/wp-json\/wp\/v2\/pages\/713\/revisions"}],"predecessor-version":[{"id":1973,"href":"https:\/\/vixcomercioexterior.com.ar\/en\/wp-json\/wp\/v2\/pages\/713\/revisions\/1973"}],"wp:attachment":[{"href":"https:\/\/vixcomercioexterior.com.ar\/en\/wp-json\/wp\/v2\/media?parent=713"}],"curies":[{"name":"wp","href":"https:\/\/api.w.org\/{rel}","templated":true}]}}