{"id":2079,"date":"2024-01-17T22:07:26","date_gmt":"2024-01-17T22:07:26","guid":{"rendered":"https:\/\/vixcomercioexterior.com.ar\/?page_id=2079"},"modified":"2024-01-17T22:37:17","modified_gmt":"2024-01-17T22:37:17","slug":"azucar-organica","status":"publish","type":"page","link":"https:\/\/vixcomercioexterior.com.ar\/en\/azucar-organica\/","title":{"rendered":"Organic Sugar"},"content":{"rendered":"<div data-elementor-type=\"wp-page\" data-elementor-id=\"2079\" class=\"elementor elementor-2079\">\n\t\t\t\t<div class=\"elementor-element elementor-element-318f2ca e-flex e-con-boxed e-con e-parent\" data-id=\"318f2ca\" data-element_type=\"container\" data-e-type=\"container\" data-settings=\"{&quot;background_background&quot;:&quot;classic&quot;}\">\n\t\t\t\t\t<div class=\"e-con-inner\">\n\t\t\t\t\t<\/div>\n\t\t\t\t<\/div>\n\t\t<div class=\"elementor-element elementor-element-75e936c e-flex e-con-boxed e-con e-parent\" data-id=\"75e936c\" data-element_type=\"container\" data-e-type=\"container\">\n\t\t\t\t\t<div class=\"e-con-inner\">\n\t\t<div class=\"elementor-element elementor-element-205e4ee e-con-full e-flex e-con e-child\" data-id=\"205e4ee\" data-element_type=\"container\" data-e-type=\"container\">\n\t\t\t\t<div class=\"elementor-element elementor-element-f227e74 elementor-widget elementor-widget-heading\" data-id=\"f227e74\" data-element_type=\"widget\" data-e-type=\"widget\" data-widget_type=\"heading.default\">\n\t\t\t\t<div class=\"elementor-widget-container\">\n\t\t\t\t\t<h2 class=\"elementor-heading-title elementor-size-default\">Organic Sugar<\/h2>\t\t\t\t<\/div>\n\t\t\t\t<\/div>\n\t\t\t\t<div class=\"elementor-element elementor-element-d8ec641 elementor-widget elementor-widget-text-editor\" data-id=\"d8ec641\" data-element_type=\"widget\" data-e-type=\"widget\" data-widget_type=\"text-editor.default\">\n\t\t\t\t<div class=\"elementor-widget-container\">\n\t\t\t\t\t\t\t\t\t<p>Organic sugar, a sweet and conscious alternative, is distinguished by its natural origin and sustainable production process. Sourced from sugar cane grown without the use of pesticides or synthetic fertilizers, this variety of sugar offers a healthier and more environmentally friendly option. Its production process respects the principles of organic agriculture, promoting biodiversity and soil health.<\/p><p>The characteristic of organic sugar lies not only in its sustainable origin, but also in its distinctive flavor. With a more complex sweetness profile and soft nuances, this variety of sugar adds a refined touch to various culinary preparations. From sweetening beverages to serving as the base for decadent desserts, organic sugar has become the go-to choice for those seeking an environmentally conscious sweet treat.<\/p><p><strong>Its commitment to the health of the planet and product quality positions it as a versatile and delicious ingredient in conscious cooking.<\/strong><\/p>\t\t\t\t\t\t\t\t<\/div>\n\t\t\t\t<\/div>\n\t\t\t\t<\/div>\n\t\t<div class=\"elementor-element elementor-element-d49a49f e-con-full e-flex e-con e-child\" data-id=\"d49a49f\" data-element_type=\"container\" data-e-type=\"container\">\n\t\t<div class=\"elementor-element elementor-element-3698e07 e-con-full e-flex e-con e-child\" data-id=\"3698e07\" data-element_type=\"container\" data-e-type=\"container\">\n\t\t\t\t<div class=\"elementor-element elementor-element-2290b18 elementor-widget elementor-widget-image\" data-id=\"2290b18\" data-element_type=\"widget\" data-e-type=\"widget\" data-widget_type=\"image.default\">\n\t\t\t\t<div class=\"elementor-widget-container\">\n\t\t\t\t\t\t\t\t\t\t\t\t\t\t\t<img fetchpriority=\"high\" decoding=\"async\" width=\"1000\" height=\"1449\" src=\"https:\/\/vixcomercioexterior.com.ar\/wp-content\/uploads\/2024\/01\/assortment-different-types-sugar.webp\" class=\"attachment-full size-full wp-image-2092\" alt=\"\" srcset=\"https:\/\/vixcomercioexterior.com.ar\/wp-content\/uploads\/2024\/01\/assortment-different-types-sugar.webp 1000w, https:\/\/vixcomercioexterior.com.ar\/wp-content\/uploads\/2024\/01\/assortment-different-types-sugar-207x300.webp 207w, https:\/\/vixcomercioexterior.com.ar\/wp-content\/uploads\/2024\/01\/assortment-different-types-sugar-707x1024.webp 707w, https:\/\/vixcomercioexterior.com.ar\/wp-content\/uploads\/2024\/01\/assortment-different-types-sugar-768x1113.webp 768w, https:\/\/vixcomercioexterior.com.ar\/wp-content\/uploads\/2024\/01\/assortment-different-types-sugar-8x12.webp 8w\" sizes=\"(max-width: 1000px) 100vw, 1000px\" \/>\t\t\t\t\t\t\t\t\t\t\t\t\t\t\t<\/div>\n\t\t\t\t<\/div>\n\t\t\t\t<\/div>\n\t\t\t\t<\/div>\n\t\t\t\t\t<\/div>\n\t\t\t\t<\/div>\n\t\t\t\t<\/div>","protected":false},"excerpt":{"rendered":"<p>Az\u00facar Org\u00e1nica El az\u00facar org\u00e1nica, una alternativa dulce y consciente, se distingue por su origen natural y su proceso de producci\u00f3n sostenible. Proveniente de ca\u00f1a de az\u00facar cultivada sin el uso de pesticidas ni fertilizantes sint\u00e9ticos, esta variedad de az\u00facar ofrece una opci\u00f3n m\u00e1s saludable y respetuosa con el medio ambiente. Su proceso de producci\u00f3n [&hellip;]<\/p>\n","protected":false},"author":1,"featured_media":0,"parent":0,"menu_order":0,"comment_status":"closed","ping_status":"closed","template":"","meta":{"site-sidebar-layout":"no-sidebar","site-content-layout":"page-builder","ast-site-content-layout":"full-width-container","site-content-style":"default","site-sidebar-style":"default","ast-global-header-display":"","ast-banner-title-visibility":"","ast-main-header-display":"","ast-hfb-above-header-display":"","ast-hfb-below-header-display":"","ast-hfb-mobile-header-display":"","site-post-title":"disabled","ast-breadcrumbs-content":"","ast-featured-img":"disabled","footer-sml-layout":"","ast-disable-related-posts":"","theme-transparent-header-meta":"","adv-header-id-meta":"","stick-header-meta":"","header-above-stick-meta":"","header-main-stick-meta":"","header-below-stick-meta":"","astra-migrate-meta-layouts":"set","ast-page-background-enabled":"default","ast-page-background-meta":{"desktop":{"background-color":"var(--ast-global-color-4)","background-image":"","background-repeat":"repeat","background-position":"center center","background-size":"auto","background-attachment":"scroll","background-type":"","background-media":"","overlay-type":"","overlay-color":"","overlay-opacity":"","overlay-gradient":""},"tablet":{"background-color":"","background-image":"","background-repeat":"repeat","background-position":"center center","background-size":"auto","background-attachment":"scroll","background-type":"","background-media":"","overlay-type":"","overlay-color":"","overlay-opacity":"","overlay-gradient":""},"mobile":{"background-color":"","background-image":"","background-repeat":"repeat","background-position":"center center","background-size":"auto","background-attachment":"scroll","background-type":"","background-media":"","overlay-type":"","overlay-color":"","overlay-opacity":"","overlay-gradient":""}},"ast-content-background-meta":{"desktop":{"background-color":"var(--ast-global-color-5)","background-image":"","background-repeat":"repeat","background-position":"center center","background-size":"auto","background-attachment":"scroll","background-type":"","background-media":"","overlay-type":"","overlay-color":"","overlay-opacity":"","overlay-gradient":""},"tablet":{"background-color":"var(--ast-global-color-5)","background-image":"","background-repeat":"repeat","background-position":"center center","background-size":"auto","background-attachment":"scroll","background-type":"","background-media":"","overlay-type":"","overlay-color":"","overlay-opacity":"","overlay-gradient":""},"mobile":{"background-color":"var(--ast-global-color-5)","background-image":"","background-repeat":"repeat","background-position":"center center","background-size":"auto","background-attachment":"scroll","background-type":"","background-media":"","overlay-type":"","overlay-color":"","overlay-opacity":"","overlay-gradient":""}},"footnotes":""},"class_list":["post-2079","page","type-page","status-publish","hentry"],"_links":{"self":[{"href":"https:\/\/vixcomercioexterior.com.ar\/en\/wp-json\/wp\/v2\/pages\/2079","targetHints":{"allow":["GET"]}}],"collection":[{"href":"https:\/\/vixcomercioexterior.com.ar\/en\/wp-json\/wp\/v2\/pages"}],"about":[{"href":"https:\/\/vixcomercioexterior.com.ar\/en\/wp-json\/wp\/v2\/types\/page"}],"author":[{"embeddable":true,"href":"https:\/\/vixcomercioexterior.com.ar\/en\/wp-json\/wp\/v2\/users\/1"}],"replies":[{"embeddable":true,"href":"https:\/\/vixcomercioexterior.com.ar\/en\/wp-json\/wp\/v2\/comments?post=2079"}],"version-history":[{"count":13,"href":"https:\/\/vixcomercioexterior.com.ar\/en\/wp-json\/wp\/v2\/pages\/2079\/revisions"}],"predecessor-version":[{"id":2102,"href":"https:\/\/vixcomercioexterior.com.ar\/en\/wp-json\/wp\/v2\/pages\/2079\/revisions\/2102"}],"wp:attachment":[{"href":"https:\/\/vixcomercioexterior.com.ar\/en\/wp-json\/wp\/v2\/media?parent=2079"}],"curies":[{"name":"wp","href":"https:\/\/api.w.org\/{rel}","templated":true}]}}