{"id":2067,"date":"2024-01-17T22:03:25","date_gmt":"2024-01-17T22:03:25","guid":{"rendered":"https:\/\/vixcomercioexterior.com.ar\/?page_id=2067"},"modified":"2024-01-17T22:05:14","modified_gmt":"2024-01-17T22:05:14","slug":"leche-en-polvo","status":"publish","type":"page","link":"https:\/\/vixcomercioexterior.com.ar\/en\/leche-en-polvo\/","title":{"rendered":"Powdered Milk"},"content":{"rendered":"<div data-elementor-type=\"wp-page\" data-elementor-id=\"2067\" class=\"elementor elementor-2067\">\n\t\t\t\t<div class=\"elementor-element elementor-element-318f2ca e-flex e-con-boxed e-con e-parent\" data-id=\"318f2ca\" data-element_type=\"container\" data-e-type=\"container\" data-settings=\"{&quot;background_background&quot;:&quot;classic&quot;}\">\n\t\t\t\t\t<div class=\"e-con-inner\">\n\t\t\t\t\t<\/div>\n\t\t\t\t<\/div>\n\t\t<div class=\"elementor-element elementor-element-75e936c e-flex e-con-boxed e-con e-parent\" data-id=\"75e936c\" data-element_type=\"container\" data-e-type=\"container\">\n\t\t\t\t\t<div class=\"e-con-inner\">\n\t\t<div class=\"elementor-element elementor-element-205e4ee e-con-full e-flex e-con e-child\" data-id=\"205e4ee\" data-element_type=\"container\" data-e-type=\"container\">\n\t\t\t\t<div class=\"elementor-element elementor-element-f227e74 elementor-widget elementor-widget-heading\" data-id=\"f227e74\" data-element_type=\"widget\" data-e-type=\"widget\" data-widget_type=\"heading.default\">\n\t\t\t\t<div class=\"elementor-widget-container\">\n\t\t\t\t\t<h2 class=\"elementor-heading-title elementor-size-default\">Powdered Milk<\/h2>\t\t\t\t<\/div>\n\t\t\t\t<\/div>\n\t\t\t\t<div class=\"elementor-element elementor-element-d8ec641 elementor-widget elementor-widget-text-editor\" data-id=\"d8ec641\" data-element_type=\"widget\" data-e-type=\"widget\" data-widget_type=\"text-editor.default\">\n\t\t\t\t<div class=\"elementor-widget-container\">\n\t\t\t\t\t\t\t\t\t<p>Powdered milk, a prized culinary treasure, stands out for its nutritional virtues and its versatility in the preparation of a variety of products. This concentrated dairy product offers a convenient, long-lasting solution, preserving the nutritional richness of fresh milk in an easy-to-store form. Its content of calcium, protein and other essential nutrients makes it a nutritious option to strengthen bone health and support muscle development.<\/p><p>However, the virtues of powdered milk go beyond its nutritional benefits. Its durability and ease of handling make it a key ingredient in the creation of a variety of homemade products. From making creamy smoothies and delicious yogurts to incorporating it into indulgent breads, cakes and desserts, powdered milk becomes an essential tool for cooking lovers.<\/p><p>The versatility of powdered milk allows you to explore creativity in the kitchen, offering a nutritious base for a wide range of recipes. Its ability to enhance the texture and flavor of baked goods makes it a popular choice among hobby bakers, while its ease of incorporation into liquid mixes adds a nutritious dimension to drinks and dishes.<\/p><p>\u00a0<\/p>\t\t\t\t\t\t\t\t<\/div>\n\t\t\t\t<\/div>\n\t\t\t\t<\/div>\n\t\t<div class=\"elementor-element elementor-element-d49a49f e-con-full e-flex e-con e-child\" data-id=\"d49a49f\" data-element_type=\"container\" data-e-type=\"container\">\n\t\t<div class=\"elementor-element elementor-element-3698e07 e-con-full e-flex e-con e-child\" data-id=\"3698e07\" data-element_type=\"container\" data-e-type=\"container\">\n\t\t\t\t<div class=\"elementor-element elementor-element-2290b18 elementor-widget elementor-widget-image\" data-id=\"2290b18\" data-element_type=\"widget\" data-e-type=\"widget\" data-widget_type=\"image.default\">\n\t\t\t\t<div class=\"elementor-widget-container\">\n\t\t\t\t\t\t\t\t\t\t\t\t\t\t\t<img fetchpriority=\"high\" decoding=\"async\" width=\"1000\" height=\"1178\" src=\"https:\/\/vixcomercioexterior.com.ar\/wp-content\/uploads\/2024\/01\/cup-milk-with-jar-biscuits-flour-2.webp\" class=\"attachment-full size-full wp-image-2074\" alt=\"\" srcset=\"https:\/\/vixcomercioexterior.com.ar\/wp-content\/uploads\/2024\/01\/cup-milk-with-jar-biscuits-flour-2.webp 1000w, https:\/\/vixcomercioexterior.com.ar\/wp-content\/uploads\/2024\/01\/cup-milk-with-jar-biscuits-flour-2-255x300.webp 255w, https:\/\/vixcomercioexterior.com.ar\/wp-content\/uploads\/2024\/01\/cup-milk-with-jar-biscuits-flour-2-869x1024.webp 869w, https:\/\/vixcomercioexterior.com.ar\/wp-content\/uploads\/2024\/01\/cup-milk-with-jar-biscuits-flour-2-768x905.webp 768w, https:\/\/vixcomercioexterior.com.ar\/wp-content\/uploads\/2024\/01\/cup-milk-with-jar-biscuits-flour-2-10x12.webp 10w\" sizes=\"(max-width: 1000px) 100vw, 1000px\" \/>\t\t\t\t\t\t\t\t\t\t\t\t\t\t\t<\/div>\n\t\t\t\t<\/div>\n\t\t\t\t<\/div>\n\t\t\t\t<\/div>\n\t\t\t\t\t<\/div>\n\t\t\t\t<\/div>\n\t\t\t\t<\/div>","protected":false},"excerpt":{"rendered":"<p>Leche en Polvo La leche en polvo, un tesoro culinario apreciado, se destaca por sus virtudes nutricionales y su versatilidad en la elaboraci\u00f3n de una variedad de productos. Este producto l\u00e1cteo concentrado ofrece una soluci\u00f3n pr\u00e1ctica y de larga duraci\u00f3n, conservando la riqueza nutricional de la leche fresca en una forma f\u00e1cil de almacenar. Su [&hellip;]<\/p>\n","protected":false},"author":1,"featured_media":0,"parent":0,"menu_order":0,"comment_status":"closed","ping_status":"closed","template":"","meta":{"site-sidebar-layout":"no-sidebar","site-content-layout":"page-builder","ast-site-content-layout":"full-width-container","site-content-style":"default","site-sidebar-style":"default","ast-global-header-display":"","ast-banner-title-visibility":"","ast-main-header-display":"","ast-hfb-above-header-display":"","ast-hfb-below-header-display":"","ast-hfb-mobile-header-display":"","site-post-title":"disabled","ast-breadcrumbs-content":"","ast-featured-img":"disabled","footer-sml-layout":"","ast-disable-related-posts":"","theme-transparent-header-meta":"","adv-header-id-meta":"","stick-header-meta":"","header-above-stick-meta":"","header-main-stick-meta":"","header-below-stick-meta":"","astra-migrate-meta-layouts":"set","ast-page-background-enabled":"default","ast-page-background-meta":{"desktop":{"background-color":"var(--ast-global-color-4)","background-image":"","background-repeat":"repeat","background-position":"center center","background-size":"auto","background-attachment":"scroll","background-type":"","background-media":"","overlay-type":"","overlay-color":"","overlay-opacity":"","overlay-gradient":""},"tablet":{"background-color":"","background-image":"","background-repeat":"repeat","background-position":"center center","background-size":"auto","background-attachment":"scroll","background-type":"","background-media":"","overlay-type":"","overlay-color":"","overlay-opacity":"","overlay-gradient":""},"mobile":{"background-color":"","background-image":"","background-repeat":"repeat","background-position":"center center","background-size":"auto","background-attachment":"scroll","background-type":"","background-media":"","overlay-type":"","overlay-color":"","overlay-opacity":"","overlay-gradient":""}},"ast-content-background-meta":{"desktop":{"background-color":"var(--ast-global-color-5)","background-image":"","background-repeat":"repeat","background-position":"center center","background-size":"auto","background-attachment":"scroll","background-type":"","background-media":"","overlay-type":"","overlay-color":"","overlay-opacity":"","overlay-gradient":""},"tablet":{"background-color":"var(--ast-global-color-5)","background-image":"","background-repeat":"repeat","background-position":"center center","background-size":"auto","background-attachment":"scroll","background-type":"","background-media":"","overlay-type":"","overlay-color":"","overlay-opacity":"","overlay-gradient":""},"mobile":{"background-color":"var(--ast-global-color-5)","background-image":"","background-repeat":"repeat","background-position":"center center","background-size":"auto","background-attachment":"scroll","background-type":"","background-media":"","overlay-type":"","overlay-color":"","overlay-opacity":"","overlay-gradient":""}},"footnotes":""},"class_list":["post-2067","page","type-page","status-publish","hentry"],"_links":{"self":[{"href":"https:\/\/vixcomercioexterior.com.ar\/en\/wp-json\/wp\/v2\/pages\/2067","targetHints":{"allow":["GET"]}}],"collection":[{"href":"https:\/\/vixcomercioexterior.com.ar\/en\/wp-json\/wp\/v2\/pages"}],"about":[{"href":"https:\/\/vixcomercioexterior.com.ar\/en\/wp-json\/wp\/v2\/types\/page"}],"author":[{"embeddable":true,"href":"https:\/\/vixcomercioexterior.com.ar\/en\/wp-json\/wp\/v2\/users\/1"}],"replies":[{"embeddable":true,"href":"https:\/\/vixcomercioexterior.com.ar\/en\/wp-json\/wp\/v2\/comments?post=2067"}],"version-history":[{"count":7,"href":"https:\/\/vixcomercioexterior.com.ar\/en\/wp-json\/wp\/v2\/pages\/2067\/revisions"}],"predecessor-version":[{"id":2077,"href":"https:\/\/vixcomercioexterior.com.ar\/en\/wp-json\/wp\/v2\/pages\/2067\/revisions\/2077"}],"wp:attachment":[{"href":"https:\/\/vixcomercioexterior.com.ar\/en\/wp-json\/wp\/v2\/media?parent=2067"}],"curies":[{"name":"wp","href":"https:\/\/api.w.org\/{rel}","templated":true}]}}