{"id":2002,"date":"2024-01-17T21:02:42","date_gmt":"2024-01-17T21:02:42","guid":{"rendered":"https:\/\/vixcomercioexterior.com.ar\/?page_id=2002"},"modified":"2024-01-17T22:14:38","modified_gmt":"2024-01-17T22:14:38","slug":"vinos","status":"publish","type":"page","link":"https:\/\/vixcomercioexterior.com.ar\/en\/vinos\/","title":{"rendered":"Wines"},"content":{"rendered":"<div data-elementor-type=\"wp-page\" data-elementor-id=\"2002\" class=\"elementor elementor-2002\">\n\t\t\t\t<div class=\"elementor-element elementor-element-956920b e-flex e-con-boxed e-con e-parent\" data-id=\"956920b\" data-element_type=\"container\" data-e-type=\"container\" data-settings=\"{&quot;background_background&quot;:&quot;classic&quot;}\">\n\t\t\t\t\t<div class=\"e-con-inner\">\n\t\t\t\t\t<\/div>\n\t\t\t\t<\/div>\n\t\t<div class=\"elementor-element elementor-element-4bd8e7d e-flex e-con-boxed e-con e-parent\" data-id=\"4bd8e7d\" data-element_type=\"container\" data-e-type=\"container\">\n\t\t\t\t\t<div class=\"e-con-inner\">\n\t\t<div class=\"elementor-element elementor-element-8aa3d1e e-con-full e-flex e-con e-child\" data-id=\"8aa3d1e\" data-element_type=\"container\" data-e-type=\"container\">\n\t\t\t\t<div class=\"elementor-element elementor-element-958b1aa elementor-widget elementor-widget-heading\" data-id=\"958b1aa\" data-element_type=\"widget\" data-e-type=\"widget\" data-widget_type=\"heading.default\">\n\t\t\t\t<div class=\"elementor-widget-container\">\n\t\t\t\t\t<h2 class=\"elementor-heading-title elementor-size-default\">Wines<\/h2>\t\t\t\t<\/div>\n\t\t\t\t<\/div>\n\t\t\t\t<div class=\"elementor-element elementor-element-c0e0b3b elementor-widget elementor-widget-text-editor\" data-id=\"c0e0b3b\" data-element_type=\"widget\" data-e-type=\"widget\" data-widget_type=\"text-editor.default\">\n\t\t\t\t<div class=\"elementor-widget-container\">\n\t\t\t\t\t\t\t\t\t<p>Wine, revered for centuries, is much more than just a drink; It is the culmination of wine passion and expertise. With its rich history and diversity of flavors, wine captivates the senses and elevates any occasion.<\/p><p>Argentine wines, in particular, are distinguished by their intense flavors and unique character. From the robust Malbec to the elegant Torront\u00e9s, the diversity of strains in Argentina reflects the richness of its lands.<\/p><p>The combination of ideal climatic conditions and innovative winemaking techniques has led to the production of Argentine wines that are not only delicious, but also tell stories of tradition and dedication.<\/p><p><strong>Toasting with an Argentine wine is to celebrate the craftsmanship, culture and passion that flow in every sip.<\/strong><\/p>\t\t\t\t\t\t\t\t<\/div>\n\t\t\t\t<\/div>\n\t\t\t\t<\/div>\n\t\t<div class=\"elementor-element elementor-element-71288a4 e-con-full e-flex e-con e-child\" data-id=\"71288a4\" data-element_type=\"container\" data-e-type=\"container\">\n\t\t<div class=\"elementor-element elementor-element-310d4d0 e-con-full e-flex e-con e-child\" data-id=\"310d4d0\" data-element_type=\"container\" data-e-type=\"container\">\n\t\t\t\t<div class=\"elementor-element elementor-element-2681bec elementor-widget elementor-widget-image\" data-id=\"2681bec\" data-element_type=\"widget\" data-e-type=\"widget\" data-widget_type=\"image.default\">\n\t\t\t\t<div class=\"elementor-widget-container\">\n\t\t\t\t\t\t\t\t\t\t\t\t\t\t\t<img fetchpriority=\"high\" decoding=\"async\" width=\"1000\" height=\"1271\" src=\"https:\/\/vixcomercioexterior.com.ar\/wp-content\/uploads\/2024\/01\/side-view-woman-hand-pouring-red-wine-into-glass-different-kinds-cheese-olive-walnut-grape-white-surface-black-background.webp\" class=\"attachment-full size-full wp-image-2011\" alt=\"\" srcset=\"https:\/\/vixcomercioexterior.com.ar\/wp-content\/uploads\/2024\/01\/side-view-woman-hand-pouring-red-wine-into-glass-different-kinds-cheese-olive-walnut-grape-white-surface-black-background.webp 1000w, https:\/\/vixcomercioexterior.com.ar\/wp-content\/uploads\/2024\/01\/side-view-woman-hand-pouring-red-wine-into-glass-different-kinds-cheese-olive-walnut-grape-white-surface-black-background-236x300.webp 236w, https:\/\/vixcomercioexterior.com.ar\/wp-content\/uploads\/2024\/01\/side-view-woman-hand-pouring-red-wine-into-glass-different-kinds-cheese-olive-walnut-grape-white-surface-black-background-806x1024.webp 806w, https:\/\/vixcomercioexterior.com.ar\/wp-content\/uploads\/2024\/01\/side-view-woman-hand-pouring-red-wine-into-glass-different-kinds-cheese-olive-walnut-grape-white-surface-black-background-768x976.webp 768w, https:\/\/vixcomercioexterior.com.ar\/wp-content\/uploads\/2024\/01\/side-view-woman-hand-pouring-red-wine-into-glass-different-kinds-cheese-olive-walnut-grape-white-surface-black-background-9x12.webp 9w\" sizes=\"(max-width: 1000px) 100vw, 1000px\" \/>\t\t\t\t\t\t\t\t\t\t\t\t\t\t\t<\/div>\n\t\t\t\t<\/div>\n\t\t\t\t<\/div>\n\t\t\t\t<\/div>\n\t\t\t\t\t<\/div>\n\t\t\t\t<\/div>\n\t\t\t\t<\/div>","protected":false},"excerpt":{"rendered":"<p>Vinos El vino, venerado por siglos, es mucho m\u00e1s que una simple bebida; es la culminaci\u00f3n de la pasi\u00f3n y la pericia vin\u00edcola. Con su rica historia y diversidad de sabores, el vino cautiva los sentidos y eleva cualquier ocasi\u00f3n. Los vinos argentinos, en particular, se distinguen por sus intensos sabores y car\u00e1cter \u00fanico. Desde [&hellip;]<\/p>\n","protected":false},"author":1,"featured_media":0,"parent":0,"menu_order":0,"comment_status":"closed","ping_status":"closed","template":"","meta":{"site-sidebar-layout":"no-sidebar","site-content-layout":"page-builder","ast-site-content-layout":"full-width-container","site-content-style":"default","site-sidebar-style":"default","ast-global-header-display":"","ast-banner-title-visibility":"","ast-main-header-display":"","ast-hfb-above-header-display":"","ast-hfb-below-header-display":"","ast-hfb-mobile-header-display":"","site-post-title":"disabled","ast-breadcrumbs-content":"","ast-featured-img":"disabled","footer-sml-layout":"","ast-disable-related-posts":"","theme-transparent-header-meta":"","adv-header-id-meta":"","stick-header-meta":"","header-above-stick-meta":"","header-main-stick-meta":"","header-below-stick-meta":"","astra-migrate-meta-layouts":"set","ast-page-background-enabled":"default","ast-page-background-meta":{"desktop":{"background-color":"var(--ast-global-color-4)","background-image":"","background-repeat":"repeat","background-position":"center center","background-size":"auto","background-attachment":"scroll","background-type":"","background-media":"","overlay-type":"","overlay-color":"","overlay-opacity":"","overlay-gradient":""},"tablet":{"background-color":"","background-image":"","background-repeat":"repeat","background-position":"center center","background-size":"auto","background-attachment":"scroll","background-type":"","background-media":"","overlay-type":"","overlay-color":"","overlay-opacity":"","overlay-gradient":""},"mobile":{"background-color":"","background-image":"","background-repeat":"repeat","background-position":"center center","background-size":"auto","background-attachment":"scroll","background-type":"","background-media":"","overlay-type":"","overlay-color":"","overlay-opacity":"","overlay-gradient":""}},"ast-content-background-meta":{"desktop":{"background-color":"var(--ast-global-color-5)","background-image":"","background-repeat":"repeat","background-position":"center center","background-size":"auto","background-attachment":"scroll","background-type":"","background-media":"","overlay-type":"","overlay-color":"","overlay-opacity":"","overlay-gradient":""},"tablet":{"background-color":"var(--ast-global-color-5)","background-image":"","background-repeat":"repeat","background-position":"center center","background-size":"auto","background-attachment":"scroll","background-type":"","background-media":"","overlay-type":"","overlay-color":"","overlay-opacity":"","overlay-gradient":""},"mobile":{"background-color":"var(--ast-global-color-5)","background-image":"","background-repeat":"repeat","background-position":"center center","background-size":"auto","background-attachment":"scroll","background-type":"","background-media":"","overlay-type":"","overlay-color":"","overlay-opacity":"","overlay-gradient":""}},"footnotes":""},"class_list":["post-2002","page","type-page","status-publish","hentry"],"_links":{"self":[{"href":"https:\/\/vixcomercioexterior.com.ar\/en\/wp-json\/wp\/v2\/pages\/2002","targetHints":{"allow":["GET"]}}],"collection":[{"href":"https:\/\/vixcomercioexterior.com.ar\/en\/wp-json\/wp\/v2\/pages"}],"about":[{"href":"https:\/\/vixcomercioexterior.com.ar\/en\/wp-json\/wp\/v2\/types\/page"}],"author":[{"embeddable":true,"href":"https:\/\/vixcomercioexterior.com.ar\/en\/wp-json\/wp\/v2\/users\/1"}],"replies":[{"embeddable":true,"href":"https:\/\/vixcomercioexterior.com.ar\/en\/wp-json\/wp\/v2\/comments?post=2002"}],"version-history":[{"count":14,"href":"https:\/\/vixcomercioexterior.com.ar\/en\/wp-json\/wp\/v2\/pages\/2002\/revisions"}],"predecessor-version":[{"id":2091,"href":"https:\/\/vixcomercioexterior.com.ar\/en\/wp-json\/wp\/v2\/pages\/2002\/revisions\/2091"}],"wp:attachment":[{"href":"https:\/\/vixcomercioexterior.com.ar\/en\/wp-json\/wp\/v2\/media?parent=2002"}],"curies":[{"name":"wp","href":"https:\/\/api.w.org\/{rel}","templated":true}]}}