{"id":1986,"date":"2024-01-17T20:42:22","date_gmt":"2024-01-17T20:42:22","guid":{"rendered":"https:\/\/vixcomercioexterior.com.ar\/?page_id=1986"},"modified":"2024-01-17T21:03:05","modified_gmt":"2024-01-17T21:03:05","slug":"yerba-mate-tradicional","status":"publish","type":"page","link":"https:\/\/vixcomercioexterior.com.ar\/en\/yerba-mate-tradicional\/","title":{"rendered":"Traditional Yerba Mate"},"content":{"rendered":"<div data-elementor-type=\"wp-page\" data-elementor-id=\"1986\" class=\"elementor elementor-1986\">\n\t\t\t\t<div class=\"elementor-element elementor-element-deb9620 e-flex e-con-boxed e-con e-parent\" data-id=\"deb9620\" data-element_type=\"container\" data-e-type=\"container\" data-settings=\"{&quot;background_background&quot;:&quot;classic&quot;}\">\n\t\t\t\t\t<div class=\"e-con-inner\">\n\t\t\t\t\t<\/div>\n\t\t\t\t<\/div>\n\t\t<div class=\"elementor-element elementor-element-a786206 e-flex e-con-boxed e-con e-parent\" data-id=\"a786206\" data-element_type=\"container\" data-e-type=\"container\">\n\t\t\t\t\t<div class=\"e-con-inner\">\n\t\t<div class=\"elementor-element elementor-element-9aae78e e-con-full e-flex e-con e-child\" data-id=\"9aae78e\" data-element_type=\"container\" data-e-type=\"container\">\n\t\t\t\t<div class=\"elementor-element elementor-element-df15e1c elementor-widget elementor-widget-heading\" data-id=\"df15e1c\" data-element_type=\"widget\" data-e-type=\"widget\" data-widget_type=\"heading.default\">\n\t\t\t\t<div class=\"elementor-widget-container\">\n\t\t\t\t\t<h2 class=\"elementor-heading-title elementor-size-default\">Traditional Yerba Mate<\/h2>\t\t\t\t<\/div>\n\t\t\t\t<\/div>\n\t\t\t\t<div class=\"elementor-element elementor-element-96f577b elementor-widget elementor-widget-text-editor\" data-id=\"96f577b\" data-element_type=\"widget\" data-e-type=\"widget\" data-widget_type=\"text-editor.default\">\n\t\t\t\t<div class=\"elementor-widget-container\">\n\t\t\t\t\t\t\t\t\t<p>Traditional yerba mate is much more than a drink; It is an experience rooted in the rich Argentine tradition.<\/p><p>Recognized for its stimulating and nourishing properties, yerba mate offers a sustained energy boost, without the jitters associated with other sources of caffeine.<\/p><p>In addition to its revitalizing effects, this infusion is packed with antioxidants, vitamins, and minerals that support health.<\/p><p>Its distinctive flavor creates a comforting drink ideal for sharing social moments. Traditional yerba mate symbolizes hospitality and connection with nature.<\/p>\t\t\t\t\t\t\t\t<\/div>\n\t\t\t\t<\/div>\n\t\t\t\t<\/div>\n\t\t<div class=\"elementor-element elementor-element-c6606de e-con-full e-flex e-con e-child\" data-id=\"c6606de\" data-element_type=\"container\" data-e-type=\"container\">\n\t\t<div class=\"elementor-element elementor-element-9c3f05f e-con-full e-flex e-con e-child\" data-id=\"9c3f05f\" data-element_type=\"container\" data-e-type=\"container\">\n\t\t\t\t<div class=\"elementor-element elementor-element-20c7b8f elementor-widget elementor-widget-image\" data-id=\"20c7b8f\" data-element_type=\"widget\" data-e-type=\"widget\" data-widget_type=\"image.default\">\n\t\t\t\t<div class=\"elementor-widget-container\">\n\t\t\t\t\t\t\t\t\t\t\t\t\t\t\t<img fetchpriority=\"high\" decoding=\"async\" width=\"1000\" height=\"1153\" src=\"https:\/\/vixcomercioexterior.com.ar\/wp-content\/uploads\/2024\/01\/delicious-terere-drink-still-life.webp\" class=\"attachment-full size-full wp-image-1994\" alt=\"\" srcset=\"https:\/\/vixcomercioexterior.com.ar\/wp-content\/uploads\/2024\/01\/delicious-terere-drink-still-life.webp 1000w, https:\/\/vixcomercioexterior.com.ar\/wp-content\/uploads\/2024\/01\/delicious-terere-drink-still-life-260x300.webp 260w, https:\/\/vixcomercioexterior.com.ar\/wp-content\/uploads\/2024\/01\/delicious-terere-drink-still-life-888x1024.webp 888w, https:\/\/vixcomercioexterior.com.ar\/wp-content\/uploads\/2024\/01\/delicious-terere-drink-still-life-768x886.webp 768w, https:\/\/vixcomercioexterior.com.ar\/wp-content\/uploads\/2024\/01\/delicious-terere-drink-still-life-10x12.webp 10w\" sizes=\"(max-width: 1000px) 100vw, 1000px\" \/>\t\t\t\t\t\t\t\t\t\t\t\t\t\t\t<\/div>\n\t\t\t\t<\/div>\n\t\t\t\t<\/div>\n\t\t\t\t<\/div>\n\t\t\t\t\t<\/div>\n\t\t\t\t<\/div>\n\t\t\t\t<\/div>","protected":false},"excerpt":{"rendered":"<p>Yerba Mate Tradicional La yerba mate tradicional es mucho m\u00e1s que una bebida; es una experiencia arraigada en la rica tradici\u00f3n argentina. Reconocida por sus propiedades estimulantes y nutritivas, la yerba mate ofrece un impulso de energ\u00eda sostenido, sin los nerviosismo asociados a otras fuentes de cafe\u00edna. Adem\u00e1s de sus efectos revitalizantes, esta infusi\u00f3n est\u00e1 [&hellip;]<\/p>\n","protected":false},"author":1,"featured_media":0,"parent":0,"menu_order":0,"comment_status":"closed","ping_status":"closed","template":"","meta":{"site-sidebar-layout":"no-sidebar","site-content-layout":"page-builder","ast-site-content-layout":"full-width-container","site-content-style":"default","site-sidebar-style":"default","ast-global-header-display":"","ast-banner-title-visibility":"","ast-main-header-display":"","ast-hfb-above-header-display":"","ast-hfb-below-header-display":"","ast-hfb-mobile-header-display":"","site-post-title":"disabled","ast-breadcrumbs-content":"","ast-featured-img":"disabled","footer-sml-layout":"","ast-disable-related-posts":"","theme-transparent-header-meta":"","adv-header-id-meta":"","stick-header-meta":"","header-above-stick-meta":"","header-main-stick-meta":"","header-below-stick-meta":"","astra-migrate-meta-layouts":"set","ast-page-background-enabled":"default","ast-page-background-meta":{"desktop":{"background-color":"var(--ast-global-color-4)","background-image":"","background-repeat":"repeat","background-position":"center center","background-size":"auto","background-attachment":"scroll","background-type":"","background-media":"","overlay-type":"","overlay-color":"","overlay-opacity":"","overlay-gradient":""},"tablet":{"background-color":"","background-image":"","background-repeat":"repeat","background-position":"center center","background-size":"auto","background-attachment":"scroll","background-type":"","background-media":"","overlay-type":"","overlay-color":"","overlay-opacity":"","overlay-gradient":""},"mobile":{"background-color":"","background-image":"","background-repeat":"repeat","background-position":"center center","background-size":"auto","background-attachment":"scroll","background-type":"","background-media":"","overlay-type":"","overlay-color":"","overlay-opacity":"","overlay-gradient":""}},"ast-content-background-meta":{"desktop":{"background-color":"var(--ast-global-color-5)","background-image":"","background-repeat":"repeat","background-position":"center center","background-size":"auto","background-attachment":"scroll","background-type":"","background-media":"","overlay-type":"","overlay-color":"","overlay-opacity":"","overlay-gradient":""},"tablet":{"background-color":"var(--ast-global-color-5)","background-image":"","background-repeat":"repeat","background-position":"center center","background-size":"auto","background-attachment":"scroll","background-type":"","background-media":"","overlay-type":"","overlay-color":"","overlay-opacity":"","overlay-gradient":""},"mobile":{"background-color":"var(--ast-global-color-5)","background-image":"","background-repeat":"repeat","background-position":"center center","background-size":"auto","background-attachment":"scroll","background-type":"","background-media":"","overlay-type":"","overlay-color":"","overlay-opacity":"","overlay-gradient":""}},"footnotes":""},"class_list":["post-1986","page","type-page","status-publish","hentry"],"_links":{"self":[{"href":"https:\/\/vixcomercioexterior.com.ar\/en\/wp-json\/wp\/v2\/pages\/1986","targetHints":{"allow":["GET"]}}],"collection":[{"href":"https:\/\/vixcomercioexterior.com.ar\/en\/wp-json\/wp\/v2\/pages"}],"about":[{"href":"https:\/\/vixcomercioexterior.com.ar\/en\/wp-json\/wp\/v2\/types\/page"}],"author":[{"embeddable":true,"href":"https:\/\/vixcomercioexterior.com.ar\/en\/wp-json\/wp\/v2\/users\/1"}],"replies":[{"embeddable":true,"href":"https:\/\/vixcomercioexterior.com.ar\/en\/wp-json\/wp\/v2\/comments?post=1986"}],"version-history":[{"count":13,"href":"https:\/\/vixcomercioexterior.com.ar\/en\/wp-json\/wp\/v2\/pages\/1986\/revisions"}],"predecessor-version":[{"id":2006,"href":"https:\/\/vixcomercioexterior.com.ar\/en\/wp-json\/wp\/v2\/pages\/1986\/revisions\/2006"}],"wp:attachment":[{"href":"https:\/\/vixcomercioexterior.com.ar\/en\/wp-json\/wp\/v2\/media?parent=1986"}],"curies":[{"name":"wp","href":"https:\/\/api.w.org\/{rel}","templated":true}]}}