{"id":1138,"date":"2023-07-12T20:40:24","date_gmt":"2023-07-12T20:40:24","guid":{"rendered":"https:\/\/vixcomercioexterior.com.ar\/?page_id=1138"},"modified":"2024-01-11T22:20:37","modified_gmt":"2024-01-11T22:20:37","slug":"yerba-mate-blends","status":"publish","type":"page","link":"https:\/\/vixcomercioexterior.com.ar\/en\/yerba-mate-blends\/","title":{"rendered":"Yerba Mate Blends"},"content":{"rendered":"<div data-elementor-type=\"wp-page\" data-elementor-id=\"1138\" class=\"elementor elementor-1138\">\n\t\t\t\t<div class=\"elementor-element elementor-element-6b859c7 e-flex e-con-boxed e-con e-parent\" data-id=\"6b859c7\" data-element_type=\"container\" data-e-type=\"container\" data-settings=\"{&quot;background_background&quot;:&quot;classic&quot;}\">\n\t\t\t\t\t<div class=\"e-con-inner\">\n\t\t\t\t\t<\/div>\n\t\t\t\t<\/div>\n\t\t<div class=\"elementor-element elementor-element-0eb1936 e-flex e-con-boxed e-con e-parent\" data-id=\"0eb1936\" data-element_type=\"container\" data-e-type=\"container\">\n\t\t\t\t\t<div class=\"e-con-inner\">\n\t\t<div class=\"elementor-element elementor-element-c0033c3 e-con-full e-flex e-con e-child\" data-id=\"c0033c3\" data-element_type=\"container\" data-e-type=\"container\">\n\t\t\t\t<div class=\"elementor-element elementor-element-ac8cf2c elementor-widget elementor-widget-heading\" data-id=\"ac8cf2c\" data-element_type=\"widget\" data-e-type=\"widget\" data-widget_type=\"heading.default\">\n\t\t\t\t<div class=\"elementor-widget-container\">\n\t\t\t\t\t<h2 class=\"elementor-heading-title elementor-size-default\">yerba Mate Blends<\/h2>\t\t\t\t<\/div>\n\t\t\t\t<\/div>\n\t\t\t\t<div class=\"elementor-element elementor-element-e8e06c4 elementor-widget elementor-widget-image\" data-id=\"e8e06c4\" data-element_type=\"widget\" data-e-type=\"widget\" data-widget_type=\"image.default\">\n\t\t\t\t<div class=\"elementor-widget-container\">\n\t\t\t\t\t\t\t\t\t\t\t\t\t\t\t<img fetchpriority=\"high\" decoding=\"async\" width=\"503\" height=\"248\" src=\"https:\/\/vixcomercioexterior.com.ar\/wp-content\/uploads\/2023\/07\/M-Susurro-Nativo-logo.jpg\" class=\"attachment-full size-full wp-image-1161\" alt=\"\" srcset=\"https:\/\/vixcomercioexterior.com.ar\/wp-content\/uploads\/2023\/07\/M-Susurro-Nativo-logo.jpg 503w, https:\/\/vixcomercioexterior.com.ar\/wp-content\/uploads\/2023\/07\/M-Susurro-Nativo-logo-300x148.jpg 300w\" sizes=\"(max-width: 503px) 100vw, 503px\" \/>\t\t\t\t\t\t\t\t\t\t\t\t\t\t\t<\/div>\n\t\t\t\t<\/div>\n\t\t\t\t<div class=\"elementor-element elementor-element-7e78e2c elementor-widget elementor-widget-text-editor\" data-id=\"7e78e2c\" data-element_type=\"widget\" data-e-type=\"widget\" data-widget_type=\"text-editor.default\">\n\t\t\t\t<div class=\"elementor-widget-container\">\n\t\t\t\t\t\t\t\t\t<p>The leaves that give life to our blends come from plantations in the heart of Misiones; where iron-rich red soils and a subtropical microclimate with no dry season create an optimal natural biosphere for the production of high-quality yerba mate and tea.<\/p><p>All our herbs are made using the barbacu\u00e1 system: a careful dehydration process in the heat of logs; and later a 24-month parking period in order for the leaves to acquire their flavor and natural properties.<\/p><p>This extensive maturation guarantees a pleasant flavor and a delicate aroma.<\/p><p><strong>60% yerba \/ 40% herbs<\/strong><\/p>\t\t\t\t\t\t\t\t<\/div>\n\t\t\t\t<\/div>\n\t\t\t\t<div class=\"elementor-element elementor-element-82c7809 elementor-widget elementor-widget-button\" data-id=\"82c7809\" data-element_type=\"widget\" data-e-type=\"widget\" data-widget_type=\"button.default\">\n\t\t\t\t<div class=\"elementor-widget-container\">\n\t\t\t\t\t\t\t\t\t<div class=\"elementor-button-wrapper\">\n\t\t\t\t\t<a class=\"elementor-button elementor-button-link elementor-size-sm\" href=\"https:\/\/vixcomercioexterior.com.ar\/en\/PDFs\/M-Susurro-Nativo.pdf\/\">\n\t\t\t\t\t\t<span class=\"elementor-button-content-wrapper\">\n\t\t\t\t\t\t\t\t\t<span class=\"elementor-button-text\">Download PDF<\/span>\n\t\t\t\t\t<\/span>\n\t\t\t\t\t<\/a>\n\t\t\t\t<\/div>\n\t\t\t\t\t\t\t\t<\/div>\n\t\t\t\t<\/div>\n\t\t\t\t<\/div>\n\t\t<div class=\"elementor-element elementor-element-1a49bfc e-con-full e-flex e-con e-child\" data-id=\"1a49bfc\" data-element_type=\"container\" data-e-type=\"container\">\n\t\t<div class=\"elementor-element elementor-element-e476269 e-con-full e-flex e-con e-child\" data-id=\"e476269\" data-element_type=\"container\" data-e-type=\"container\">\n\t\t\t\t<div class=\"elementor-element elementor-element-395a0a2 elementor-widget elementor-widget-image\" data-id=\"395a0a2\" data-element_type=\"widget\" data-e-type=\"widget\" data-widget_type=\"image.default\">\n\t\t\t\t<div class=\"elementor-widget-container\">\n\t\t\t\t\t\t\t\t\t\t\t\t\t\t\t<img decoding=\"async\" width=\"800\" height=\"698\" src=\"https:\/\/vixcomercioexterior.com.ar\/wp-content\/uploads\/2023\/07\/M-lagos.jpg\" class=\"attachment-full size-full wp-image-1198\" alt=\"\" srcset=\"https:\/\/vixcomercioexterior.com.ar\/wp-content\/uploads\/2023\/07\/M-lagos.jpg 800w, https:\/\/vixcomercioexterior.com.ar\/wp-content\/uploads\/2023\/07\/M-lagos-300x262.jpg 300w, https:\/\/vixcomercioexterior.com.ar\/wp-content\/uploads\/2023\/07\/M-lagos-768x670.jpg 768w\" sizes=\"(max-width: 800px) 100vw, 800px\" \/>\t\t\t\t\t\t\t\t\t\t\t\t\t\t\t<\/div>\n\t\t\t\t<\/div>\n\t\t\t\t<div class=\"elementor-element elementor-element-797a679 elementor-widget__width-inherit elementor-widget elementor-widget-heading\" data-id=\"797a679\" data-element_type=\"widget\" data-e-type=\"widget\" data-widget_type=\"heading.default\">\n\t\t\t\t<div class=\"elementor-widget-container\">\n\t\t\t\t\t<h3 class=\"elementor-heading-title elementor-size-default\">lagos<\/h3>\t\t\t\t<\/div>\n\t\t\t\t<\/div>\n\t\t\t\t<div class=\"elementor-element elementor-element-dcebcb9 elementor-widget elementor-widget-text-editor\" data-id=\"dcebcb9\" data-element_type=\"widget\" data-e-type=\"widget\" data-widget_type=\"text-editor.default\">\n\t\t\t\t<div class=\"elementor-widget-container\">\n\t\t\t\t\t\t\t\t\t<p><strong>Destemmed yerba mate composed with: Ginseng, Ginger, Schisandra, Thyme, and Guarana.<\/strong><\/p><p>It is a powerful natural mix that increases resistance against fatigue and stress, clears mental activity for greater concentration and stimulates physical strenght.<\/p><p>With notes of red and tropical fruits, its \uf002avor is as inviting as a sky in full sun.<\/p><p><strong>Presentation:<\/strong> Can 220 g | Doy Pack Refill 150 g<\/p>\t\t\t\t\t\t\t\t<\/div>\n\t\t\t\t<\/div>\n\t\t\t\t<\/div>\n\t\t\t\t<\/div>\n\t\t\t\t\t<\/div>\n\t\t\t\t<\/div>\n\t\t<div class=\"elementor-element elementor-element-acc8428 e-flex e-con-boxed e-con e-parent\" data-id=\"acc8428\" data-element_type=\"container\" data-e-type=\"container\">\n\t\t\t\t\t<div class=\"e-con-inner\">\n\t\t<div class=\"elementor-element elementor-element-4ac4313 e-con-full e-flex e-con e-child\" data-id=\"4ac4313\" data-element_type=\"container\" data-e-type=\"container\">\n\t\t\t\t<div class=\"elementor-element elementor-element-7be8449 elementor-widget elementor-widget-image\" data-id=\"7be8449\" data-element_type=\"widget\" data-e-type=\"widget\" data-widget_type=\"image.default\">\n\t\t\t\t<div class=\"elementor-widget-container\">\n\t\t\t\t\t\t\t\t\t\t\t\t\t\t\t<img decoding=\"async\" width=\"800\" height=\"698\" src=\"https:\/\/vixcomercioexterior.com.ar\/wp-content\/uploads\/2023\/07\/M-remansos.jpg\" class=\"attachment-full size-full wp-image-1200\" alt=\"\" srcset=\"https:\/\/vixcomercioexterior.com.ar\/wp-content\/uploads\/2023\/07\/M-remansos.jpg 800w, https:\/\/vixcomercioexterior.com.ar\/wp-content\/uploads\/2023\/07\/M-remansos-300x262.jpg 300w, https:\/\/vixcomercioexterior.com.ar\/wp-content\/uploads\/2023\/07\/M-remansos-768x670.jpg 768w\" sizes=\"(max-width: 800px) 100vw, 800px\" \/>\t\t\t\t\t\t\t\t\t\t\t\t\t\t\t<\/div>\n\t\t\t\t<\/div>\n\t\t\t\t<div class=\"elementor-element elementor-element-b4efd90 elementor-widget__width-inherit elementor-widget elementor-widget-heading\" data-id=\"b4efd90\" data-element_type=\"widget\" data-e-type=\"widget\" data-widget_type=\"heading.default\">\n\t\t\t\t<div class=\"elementor-widget-container\">\n\t\t\t\t\t<h3 class=\"elementor-heading-title elementor-size-default\">remansos<\/h3>\t\t\t\t<\/div>\n\t\t\t\t<\/div>\n\t\t\t\t<div class=\"elementor-element elementor-element-c1a3381 elementor-widget elementor-widget-text-editor\" data-id=\"c1a3381\" data-element_type=\"widget\" data-e-type=\"widget\" data-widget_type=\"text-editor.default\">\n\t\t\t\t<div class=\"elementor-widget-container\">\n\t\t\t\t\t\t\t\t\t<p><strong>Destemmed Yerba Mate composed with: Rose Petals, Lemon Grass, Dill, Boldo, Peppermint and Marcela.<\/strong><\/p><p>Composition rich in bioactive ingredients that help to healthily calm the body, experiencing sensations of tranquility and relief.<\/p><p>Silky and fragrant, its flavor is a breath of fresh air.<\/p><p><strong>Presentation:<\/strong> Can 180 g | Doy Pack Refill 150 g<\/p>\t\t\t\t\t\t\t\t<\/div>\n\t\t\t\t<\/div>\n\t\t\t\t<\/div>\n\t\t<div class=\"elementor-element elementor-element-90b4acf e-con-full e-flex e-con e-child\" data-id=\"90b4acf\" data-element_type=\"container\" data-e-type=\"container\">\n\t\t\t\t<div class=\"elementor-element elementor-element-ac00d22 elementor-widget elementor-widget-image\" data-id=\"ac00d22\" data-element_type=\"widget\" data-e-type=\"widget\" data-widget_type=\"image.default\">\n\t\t\t\t<div class=\"elementor-widget-container\">\n\t\t\t\t\t\t\t\t\t\t\t\t\t\t\t<img loading=\"lazy\" decoding=\"async\" width=\"800\" height=\"698\" src=\"https:\/\/vixcomercioexterior.com.ar\/wp-content\/uploads\/2023\/07\/M-brisas.jpg\" class=\"attachment-full size-full wp-image-1201\" alt=\"\" srcset=\"https:\/\/vixcomercioexterior.com.ar\/wp-content\/uploads\/2023\/07\/M-brisas.jpg 800w, https:\/\/vixcomercioexterior.com.ar\/wp-content\/uploads\/2023\/07\/M-brisas-300x262.jpg 300w, https:\/\/vixcomercioexterior.com.ar\/wp-content\/uploads\/2023\/07\/M-brisas-768x670.jpg 768w\" sizes=\"(max-width: 800px) 100vw, 800px\" \/>\t\t\t\t\t\t\t\t\t\t\t\t\t\t\t<\/div>\n\t\t\t\t<\/div>\n\t\t\t\t<div class=\"elementor-element elementor-element-485092e elementor-widget__width-inherit elementor-widget elementor-widget-heading\" data-id=\"485092e\" data-element_type=\"widget\" data-e-type=\"widget\" data-widget_type=\"heading.default\">\n\t\t\t\t<div class=\"elementor-widget-container\">\n\t\t\t\t\t<h3 class=\"elementor-heading-title elementor-size-default\">brisas<\/h3>\t\t\t\t<\/div>\n\t\t\t\t<\/div>\n\t\t\t\t<div class=\"elementor-element elementor-element-cc1fe45 elementor-widget elementor-widget-text-editor\" data-id=\"cc1fe45\" data-element_type=\"widget\" data-e-type=\"widget\" data-widget_type=\"text-editor.default\">\n\t\t\t\t<div class=\"elementor-widget-container\">\n\t\t\t\t\t\t\t\t\t<p><strong>Destemmed Yerba Mate composed with: Orange peel, Jasmine, Linden, Sage, Valerian.<\/strong><\/p><p>The balanced action of its natural ingredients\nhelps to calm the mind and grant a pleasant\nbodily well-being.<\/p><p>With a citric and slightly sweet aroma, it presents a cozy sensation like a warm breeze.<\/p><p><strong>Presentation:<\/strong> Can 220 g | Doy Pack Refill 150 g<\/p>\t\t\t\t\t\t\t\t<\/div>\n\t\t\t\t<\/div>\n\t\t\t\t<\/div>\n\t\t<div class=\"elementor-element elementor-element-a9fe624 e-con-full e-flex e-con e-child\" data-id=\"a9fe624\" data-element_type=\"container\" data-e-type=\"container\">\n\t\t\t\t<div class=\"elementor-element elementor-element-3073b8a elementor-widget elementor-widget-image\" data-id=\"3073b8a\" data-element_type=\"widget\" data-e-type=\"widget\" data-widget_type=\"image.default\">\n\t\t\t\t<div class=\"elementor-widget-container\">\n\t\t\t\t\t\t\t\t\t\t\t\t\t\t\t<img loading=\"lazy\" decoding=\"async\" width=\"800\" height=\"698\" src=\"https:\/\/vixcomercioexterior.com.ar\/wp-content\/uploads\/2023\/07\/M-montanas.jpg\" class=\"attachment-full size-full wp-image-1199\" alt=\"\" srcset=\"https:\/\/vixcomercioexterior.com.ar\/wp-content\/uploads\/2023\/07\/M-montanas.jpg 800w, https:\/\/vixcomercioexterior.com.ar\/wp-content\/uploads\/2023\/07\/M-montanas-300x262.jpg 300w, https:\/\/vixcomercioexterior.com.ar\/wp-content\/uploads\/2023\/07\/M-montanas-768x670.jpg 768w\" sizes=\"(max-width: 800px) 100vw, 800px\" \/>\t\t\t\t\t\t\t\t\t\t\t\t\t\t\t<\/div>\n\t\t\t\t<\/div>\n\t\t\t\t<div class=\"elementor-element elementor-element-c51c3eb elementor-widget__width-inherit elementor-widget elementor-widget-heading\" data-id=\"c51c3eb\" data-element_type=\"widget\" data-e-type=\"widget\" data-widget_type=\"heading.default\">\n\t\t\t\t<div class=\"elementor-widget-container\">\n\t\t\t\t\t<h3 class=\"elementor-heading-title elementor-size-default\">monta\u00f1as<\/h3>\t\t\t\t<\/div>\n\t\t\t\t<\/div>\n\t\t\t\t<div class=\"elementor-element elementor-element-a78496a elementor-widget elementor-widget-text-editor\" data-id=\"a78496a\" data-element_type=\"widget\" data-e-type=\"widget\" data-widget_type=\"text-editor.default\">\n\t\t\t\t<div class=\"elementor-widget-container\">\n\t\t\t\t\t\t\t\t\t<p><strong>Destemmed Yerba Mate composed with: Rose Petals, Chamomile, Calendula, Star Anise, Cinnamon and Asian Centella.<\/strong><\/p><p>Delicious compound that helps regulate bio cycles while renewing and repairing the body.<\/p><p>The delicately sweet buquet expands the feeling of freedom and fullness and is inspiring to the mind like a summer morning.<\/p><p><strong>Presentation:<\/strong> Can 180 g | Doy Pack Refill 150 g<\/p>\t\t\t\t\t\t\t\t<\/div>\n\t\t\t\t<\/div>\n\t\t\t\t<\/div>\n\t\t<div class=\"elementor-element elementor-element-5b4413a e-con-full e-flex e-con e-child\" data-id=\"5b4413a\" data-element_type=\"container\" data-e-type=\"container\">\n\t\t\t\t<div class=\"elementor-element elementor-element-0e2484f elementor-widget elementor-widget-image\" data-id=\"0e2484f\" data-element_type=\"widget\" data-e-type=\"widget\" data-widget_type=\"image.default\">\n\t\t\t\t<div class=\"elementor-widget-container\">\n\t\t\t\t\t\t\t\t\t\t\t\t\t\t\t<img loading=\"lazy\" decoding=\"async\" width=\"800\" height=\"698\" src=\"https:\/\/vixcomercioexterior.com.ar\/wp-content\/uploads\/2023\/07\/M-clasico.jpg\" class=\"attachment-full size-full wp-image-1197\" alt=\"\" srcset=\"https:\/\/vixcomercioexterior.com.ar\/wp-content\/uploads\/2023\/07\/M-clasico.jpg 800w, https:\/\/vixcomercioexterior.com.ar\/wp-content\/uploads\/2023\/07\/M-clasico-300x262.jpg 300w, https:\/\/vixcomercioexterior.com.ar\/wp-content\/uploads\/2023\/07\/M-clasico-768x670.jpg 768w\" sizes=\"(max-width: 800px) 100vw, 800px\" \/>\t\t\t\t\t\t\t\t\t\t\t\t\t\t\t<\/div>\n\t\t\t\t<\/div>\n\t\t\t\t<div class=\"elementor-element elementor-element-723a6e4 elementor-widget__width-inherit elementor-widget elementor-widget-heading\" data-id=\"723a6e4\" data-element_type=\"widget\" data-e-type=\"widget\" data-widget_type=\"heading.default\">\n\t\t\t\t<div class=\"elementor-widget-container\">\n\t\t\t\t\t<h3 class=\"elementor-heading-title elementor-size-default\">cl\u00e1sico<\/h3>\t\t\t\t<\/div>\n\t\t\t\t<\/div>\n\t\t\t\t<div class=\"elementor-element elementor-element-de308d4 elementor-widget elementor-widget-text-editor\" data-id=\"de308d4\" data-element_type=\"widget\" data-e-type=\"widget\" data-widget_type=\"text-editor.default\">\n\t\t\t\t<div class=\"elementor-widget-container\">\n\t\t\t\t\t\t\t\t\t<p><strong>Yerba Mate dry leaves and twigs.<\/strong><br \/><strong>Barbecue type drying.<\/strong><\/p><p>From plantations located in the heart of Misiones: Panamb\u00ed, an unbeatable biosphere for the production of high quality leaves.<\/p><p>Prepared using the barbacu\u00e1 system, a noble dehydration process in the heat of logs plus a 24-month parking period. Its extensive maturation results in a pleasant and long-lasting flavor, enhancing its natural properties.<\/p><p><strong>Presentation:<\/strong> Can 300 g | Doy Pack Refill 150 g<\/p>\t\t\t\t\t\t\t\t<\/div>\n\t\t\t\t<\/div>\n\t\t\t\t<\/div>\n\t\t\t\t\t<\/div>\n\t\t\t\t<\/div>\n\t\t\t\t<\/div>","protected":false},"excerpt":{"rendered":"<p>yerba Mate Blends Las hojas que le dan vida a nuestros blends provienen de plantaciones del coraz\u00f3n de Misiones; donde los suelos rojos ricos en hierro y el microclima subtropical sin estaci\u00f3n seca crean una bi\u00f3sfera natural \u00f3ptima para la producci\u00f3n de yerba mate y t\u00e9 de alta calidad. Todas nuestras yerbas son elaboradas mediante [&hellip;]<\/p>\n","protected":false},"author":1,"featured_media":0,"parent":0,"menu_order":0,"comment_status":"closed","ping_status":"closed","template":"","meta":{"site-sidebar-layout":"no-sidebar","site-content-layout":"page-builder","ast-site-content-layout":"default","site-content-style":"default","site-sidebar-style":"default","ast-global-header-display":"","ast-banner-title-visibility":"","ast-main-header-display":"","ast-hfb-above-header-display":"","ast-hfb-below-header-display":"","ast-hfb-mobile-header-display":"","site-post-title":"disabled","ast-breadcrumbs-content":"","ast-featured-img":"disabled","footer-sml-layout":"","ast-disable-related-posts":"","theme-transparent-header-meta":"","adv-header-id-meta":"","stick-header-meta":"","header-above-stick-meta":"","header-main-stick-meta":"","header-below-stick-meta":"","astra-migrate-meta-layouts":"default","ast-page-background-enabled":"default","ast-page-background-meta":{"desktop":{"background-color":"var(--ast-global-color-4)","background-image":"","background-repeat":"repeat","background-position":"center center","background-size":"auto","background-attachment":"scroll","background-type":"","background-media":"","overlay-type":"","overlay-color":"","overlay-opacity":"","overlay-gradient":""},"tablet":{"background-color":"","background-image":"","background-repeat":"repeat","background-position":"center center","background-size":"auto","background-attachment":"scroll","background-type":"","background-media":"","overlay-type":"","overlay-color":"","overlay-opacity":"","overlay-gradient":""},"mobile":{"background-color":"","background-image":"","background-repeat":"repeat","background-position":"center center","background-size":"auto","background-attachment":"scroll","background-type":"","background-media":"","overlay-type":"","overlay-color":"","overlay-opacity":"","overlay-gradient":""}},"ast-content-background-meta":{"desktop":{"background-color":"var(--ast-global-color-5)","background-image":"","background-repeat":"repeat","background-position":"center center","background-size":"auto","background-attachment":"scroll","background-type":"","background-media":"","overlay-type":"","overlay-color":"","overlay-opacity":"","overlay-gradient":""},"tablet":{"background-color":"var(--ast-global-color-5)","background-image":"","background-repeat":"repeat","background-position":"center center","background-size":"auto","background-attachment":"scroll","background-type":"","background-media":"","overlay-type":"","overlay-color":"","overlay-opacity":"","overlay-gradient":""},"mobile":{"background-color":"var(--ast-global-color-5)","background-image":"","background-repeat":"repeat","background-position":"center center","background-size":"auto","background-attachment":"scroll","background-type":"","background-media":"","overlay-type":"","overlay-color":"","overlay-opacity":"","overlay-gradient":""}},"footnotes":""},"class_list":["post-1138","page","type-page","status-publish","hentry"],"_links":{"self":[{"href":"https:\/\/vixcomercioexterior.com.ar\/en\/wp-json\/wp\/v2\/pages\/1138","targetHints":{"allow":["GET"]}}],"collection":[{"href":"https:\/\/vixcomercioexterior.com.ar\/en\/wp-json\/wp\/v2\/pages"}],"about":[{"href":"https:\/\/vixcomercioexterior.com.ar\/en\/wp-json\/wp\/v2\/types\/page"}],"author":[{"embeddable":true,"href":"https:\/\/vixcomercioexterior.com.ar\/en\/wp-json\/wp\/v2\/users\/1"}],"replies":[{"embeddable":true,"href":"https:\/\/vixcomercioexterior.com.ar\/en\/wp-json\/wp\/v2\/comments?post=1138"}],"version-history":[{"count":88,"href":"https:\/\/vixcomercioexterior.com.ar\/en\/wp-json\/wp\/v2\/pages\/1138\/revisions"}],"predecessor-version":[{"id":1924,"href":"https:\/\/vixcomercioexterior.com.ar\/en\/wp-json\/wp\/v2\/pages\/1138\/revisions\/1924"}],"wp:attachment":[{"href":"https:\/\/vixcomercioexterior.com.ar\/en\/wp-json\/wp\/v2\/media?parent=1138"}],"curies":[{"name":"wp","href":"https:\/\/api.w.org\/{rel}","templated":true}]}}